{"id":1599,"date":"2019-09-11T14:26:46","date_gmt":"2019-09-11T12:26:46","guid":{"rendered":"http:\/\/lang-friends.com\/site-notice\/"},"modified":"2022-08-26T11:46:34","modified_gmt":"2022-08-26T09:46:34","slug":"site-notice","status":"publish","type":"page","link":"https:\/\/lang-friends.com\/en\/site-notice\/","title":{"rendered":"Site Notice"},"content":{"rendered":"<div class=\"wpb-content-wrapper\"><p>[vc_row][vc_column][vc_row_inner][vc_column_inner width=&#8221;1\/2&#8243;][vc_column_text]<\/p>\n<h3>Information pursuant to \u00a7 5 TMG<\/h3>\n<p>Lang + friends GmbH<br \/>\nWagm\u00fcllerstrasse 16<br \/>\n80538 M\u00fcnchen<\/p>\n<p>Commercial Register: HRB 121480<br \/>\nRegistration court: Amtsgericht M\u00fcnchen &#8211; Handels- und Genossenschaftsregister<\/p>\n<p><strong>Represented by:<\/strong><br \/>\nSuzanne Lang<\/p>\n<h3>Contact<\/h3>\n<p>Phone: +49 (89) 660 293 3-0<br \/>\nTelefax: +49 (89) 660 293 3-15<br \/>\nE-mail: hello@lang-friends.com<\/p>\n<h3>VAT ID<\/h3>\n<p>Sales tax identification number according to \u00a7 27 a of the Sales Tax Law:<br \/>\nDE195857112<\/p>\n<h3>EU dispute resolution<\/h3>\n<p>The European Commission provides a platform for online dispute resolution (ODR): <a href=\"https:\/\/ec.europa.eu\/consumers\/odr\" target=\"_blank\" rel=\"noopener noreferrer\">https:\/\/ec.europa.eu\/consumers\/odr<\/a>.<br \/>\nOur e-mail address can be found above in the site notice.<\/p>\n<p>We are not willing or obliged to participate in dispute resolution proceedings before a consumer arbitration board.[\/vc_column_text][vc_empty_space][vc_column_text]<\/p>\n<h3>Design &amp; implementation:<\/h3>\n<p><img loading=\"lazy\" decoding=\"async\" class=\"size-full wp-image-1513 alignleft\" src=\"http:\/\/lang-friends.com\/lang-friends\/wp-content\/uploads\/2019\/08\/Logo-VERESdesign-Impressum.png\" alt=\"\" width=\"55\" height=\"80\" \/>VERESdesign |\u00a0Marketing &amp; Design<br \/>\nWerbeagentur aus 92655 Grafenw\u00f6hr<br \/>\n<a href=\"http:\/\/www.veresdesign.de\/\">www.veresdesign.de<\/a>[\/vc_column_text][\/vc_column_inner][vc_column_inner width=&#8221;1\/2&#8243;][vc_column_text]<\/p>\n<h3>Picture credits an proof of text<\/h3>\n<p>Author of the photos and texts used on the website, if they were not created by themselves (name of the photographer or given names in images from image databases, source \/ author of texts with corresponding cross-references in compliance with copyright law)<\/p>\n<p>monkeybusinessimages \/ Audience Applauding Speaker After Conference Presentation\u00a0\/ Getty Images<br \/>\nVesna Andjic \/\u00a0Go carts at amusement park \/ Getty Images<br \/>\nTanachot \/\u00a0Hot-air balloons \/ Getty Images<br \/>\nRawpixel \/\u00a0Gesch\u00e4ftsleute Meeting Essen \/ Getty Images<br \/>\ntunart \/\u00a0Hei\u00dfluftballon in Kappadokien \/ Getty Images<br \/>\nmolchanovdmitry \/\u00a0Gro\u00dfe Gruppe von Menschen Erfolg Berggipfel \/ Getty Images<br \/>\ntdub303 \/\u00a0Wald-Hindernis-Parcour \/ Getty Images<br \/>\nmiljko \/\u00a0Bogenschie\u00dfen training \/ Getty Images<br \/>\nmiss_pj \/\u00a0Sound-Techniker \/ Getty Images<br \/>\nportishead1 \/\u00a0Gig B\u00fchne \/ Getty Images<br \/>\nAndrey Danilovich \/\u00a0Kamerabedienung am Arbeit \/ Getty Images<br \/>\nDjango \/\u00a0Frau mit Kamera-Handy fotografieren \/ Getty Images<\/p>\n<p>&nbsp;<\/p>\n<h3>Liability for Contents<\/h3>\n<p>As service providers, we are liable for own contents of these websites according to Paragraph 7, Sect. 1 German Telemedia Act (TMG). However, according to Paragraphs 8 to 10 German Telemedia Act (TMG), service providers are not obligated to permanently monitor submitted or stored information or to search for evidences that indicate illegal activities.<\/p>\n<p>Legal obligations to removing information or to blocking the use of information remain unchallenged. In this case, liability is only possible at the time of knowledge about a specific violation of law. Illegal contents will be removed immediately at the time we get knowledge of them.<\/p>\n<h3>Liability for Links<\/h3>\n<p>Our offer includes links to external third party websites. We have no influence on the contents of those websites, therefore we cannot guarantee for those contents. Providers or administrators of linked websites are always responsible for their own contents.<\/p>\n<p>The linked websites had been checked for possible violations of law at the time of the establishment of the link. Illegal contents were not detected at the time of the linking. A permanent monitoring of the contents of linked websites cannot be imposed without reasonable indications that there has been a violation of law. Illegal links will be removed immediately at the time we get knowledge of them.<\/p>\n<h3>Copyright<\/h3>\n<p>Contents and compilations published on these websites by the providers are subject to German copyright laws. Reproduction, editing, distribution as well as the use of any kind outside the scope of the copyright law require a written permission of the author or originator. Downloads and copies of these websites are permitted for private use only.<br \/>\nThe commercial use of our contents without permission of the originator is prohibited.<\/p>\n<p>Copyright laws of third parties are respected as long as the contents on these websites do not originate from the provider. Contributions of third parties on this site are indicated as such. However, if you notice any violations of copyright law, please inform us. Such contents will be removed immediately.[\/vc_column_text][\/vc_column_inner][\/vc_row_inner][\/vc_column][\/vc_row]<\/p>\n<\/div>","protected":false},"excerpt":{"rendered":"<p>[vc_row][vc_column][vc_row_inner][vc_column_inner width=&#8221;1\/2&#8243;][vc_column_text] Information pursuant to \u00a7 5 TMG Lang + friends GmbH Wagm\u00fcllerstrasse 16 80538 M\u00fcnchen Commercial Register: HRB 121480 Registration court: Amtsgericht M\u00fcnchen &#8211; Handels- und Genossenschaftsregister Represented by: Suzanne Lang Contact Phone: +49 (89) 660 293 3-0 Telefax: +49 (89) 660 293 3-15 E-mail: hello@lang-friends.com VAT ID Sales tax identification number according to&hellip;<\/p>\n","protected":false},"author":1,"featured_media":0,"parent":0,"menu_order":0,"comment_status":"closed","ping_status":"closed","template":"","meta":{"footnotes":""},"class_list":["post-1599","page","type-page","status-publish","hentry","description-off"],"yoast_head":"<!-- This site is optimized with the Yoast SEO plugin v27.4 - https:\/\/yoast.com\/product\/yoast-seo-wordpress\/ -->\n<title>Site Notice | lang + friends<\/title>\n<meta name=\"robots\" content=\"index, follow, max-snippet:-1, max-image-preview:large, max-video-preview:-1\" \/>\n<link rel=\"canonical\" href=\"https:\/\/lang-friends.com\/en\/site-notice\/\" \/>\n<meta property=\"og:locale\" content=\"en_US\" \/>\n<meta property=\"og:type\" content=\"article\" \/>\n<meta property=\"og:title\" content=\"Site Notice | lang + friends\" \/>\n<meta property=\"og:description\" content=\"[vc_row][vc_column][vc_row_inner][vc_column_inner width=&#8221;1\/2&#8243;][vc_column_text] Information pursuant to \u00a7 5 TMG Lang + friends GmbH Wagm\u00fcllerstrasse 16 80538 M\u00fcnchen Commercial Register: HRB 121480 Registration court: Amtsgericht M\u00fcnchen &#8211; Handels- und Genossenschaftsregister Represented by: Suzanne Lang Contact Phone: +49 (89) 660 293 3-0 Telefax: +49 (89) 660 293 3-15 E-mail: hello@lang-friends.com VAT ID Sales tax identification number according to&hellip;\" \/>\n<meta property=\"og:url\" content=\"https:\/\/lang-friends.com\/en\/site-notice\/\" \/>\n<meta property=\"og:site_name\" content=\"lang + friends\" \/>\n<meta property=\"article:modified_time\" content=\"2022-08-26T09:46:34+00:00\" \/>\n<meta property=\"og:image\" content=\"http:\/\/lang-friends.com\/lang-friends\/wp-content\/uploads\/2019\/08\/Logo-VERESdesign-Impressum.png\" \/>\n<meta name=\"twitter:card\" content=\"summary_large_image\" \/>\n<meta name=\"twitter:label1\" content=\"Est. reading time\" \/>\n\t<meta name=\"twitter:data1\" content=\"3 minutes\" \/>\n<script type=\"application\/ld+json\" class=\"yoast-schema-graph\">{\"@context\":\"https:\\\/\\\/schema.org\",\"@graph\":[{\"@type\":\"WebPage\",\"@id\":\"https:\\\/\\\/lang-friends.com\\\/en\\\/site-notice\\\/\",\"url\":\"https:\\\/\\\/lang-friends.com\\\/en\\\/site-notice\\\/\",\"name\":\"Site Notice | lang + friends\",\"isPartOf\":{\"@id\":\"https:\\\/\\\/lang-friends.com\\\/#website\"},\"primaryImageOfPage\":{\"@id\":\"https:\\\/\\\/lang-friends.com\\\/en\\\/site-notice\\\/#primaryimage\"},\"image\":{\"@id\":\"https:\\\/\\\/lang-friends.com\\\/en\\\/site-notice\\\/#primaryimage\"},\"thumbnailUrl\":\"http:\\\/\\\/lang-friends.com\\\/lang-friends\\\/wp-content\\\/uploads\\\/2019\\\/08\\\/Logo-VERESdesign-Impressum.png\",\"datePublished\":\"2019-09-11T12:26:46+00:00\",\"dateModified\":\"2022-08-26T09:46:34+00:00\",\"breadcrumb\":{\"@id\":\"https:\\\/\\\/lang-friends.com\\\/en\\\/site-notice\\\/#breadcrumb\"},\"inLanguage\":\"en-US\",\"potentialAction\":[{\"@type\":\"ReadAction\",\"target\":[\"https:\\\/\\\/lang-friends.com\\\/en\\\/site-notice\\\/\"]}]},{\"@type\":\"ImageObject\",\"inLanguage\":\"en-US\",\"@id\":\"https:\\\/\\\/lang-friends.com\\\/en\\\/site-notice\\\/#primaryimage\",\"url\":\"http:\\\/\\\/lang-friends.com\\\/lang-friends\\\/wp-content\\\/uploads\\\/2019\\\/08\\\/Logo-VERESdesign-Impressum.png\",\"contentUrl\":\"http:\\\/\\\/lang-friends.com\\\/lang-friends\\\/wp-content\\\/uploads\\\/2019\\\/08\\\/Logo-VERESdesign-Impressum.png\"},{\"@type\":\"BreadcrumbList\",\"@id\":\"https:\\\/\\\/lang-friends.com\\\/en\\\/site-notice\\\/#breadcrumb\",\"itemListElement\":[{\"@type\":\"ListItem\",\"position\":1,\"name\":\"Startseite\",\"item\":\"https:\\\/\\\/lang-friends.com\\\/en\\\/startseite-en\\\/\"},{\"@type\":\"ListItem\",\"position\":2,\"name\":\"Site Notice\"}]},{\"@type\":\"WebSite\",\"@id\":\"https:\\\/\\\/lang-friends.com\\\/#website\",\"url\":\"https:\\\/\\\/lang-friends.com\\\/\",\"name\":\"lang + friends\",\"description\":\"events + marketing\",\"potentialAction\":[{\"@type\":\"SearchAction\",\"target\":{\"@type\":\"EntryPoint\",\"urlTemplate\":\"https:\\\/\\\/lang-friends.com\\\/?s={search_term_string}\"},\"query-input\":{\"@type\":\"PropertyValueSpecification\",\"valueRequired\":true,\"valueName\":\"search_term_string\"}}],\"inLanguage\":\"en-US\"}]}<\/script>\n<!-- \/ Yoast SEO plugin. -->","yoast_head_json":{"title":"Site Notice | lang + friends","robots":{"index":"index","follow":"follow","max-snippet":"max-snippet:-1","max-image-preview":"max-image-preview:large","max-video-preview":"max-video-preview:-1"},"canonical":"https:\/\/lang-friends.com\/en\/site-notice\/","og_locale":"en_US","og_type":"article","og_title":"Site Notice | lang + friends","og_description":"[vc_row][vc_column][vc_row_inner][vc_column_inner width=&#8221;1\/2&#8243;][vc_column_text] Information pursuant to \u00a7 5 TMG Lang + friends GmbH Wagm\u00fcllerstrasse 16 80538 M\u00fcnchen Commercial Register: HRB 121480 Registration court: Amtsgericht M\u00fcnchen &#8211; Handels- und Genossenschaftsregister Represented by: Suzanne Lang Contact Phone: +49 (89) 660 293 3-0 Telefax: +49 (89) 660 293 3-15 E-mail: hello@lang-friends.com VAT ID Sales tax identification number according to&hellip;","og_url":"https:\/\/lang-friends.com\/en\/site-notice\/","og_site_name":"lang + friends","article_modified_time":"2022-08-26T09:46:34+00:00","og_image":[{"url":"http:\/\/lang-friends.com\/lang-friends\/wp-content\/uploads\/2019\/08\/Logo-VERESdesign-Impressum.png","type":"","width":"","height":""}],"twitter_card":"summary_large_image","twitter_misc":{"Est. reading time":"3 minutes"},"schema":{"@context":"https:\/\/schema.org","@graph":[{"@type":"WebPage","@id":"https:\/\/lang-friends.com\/en\/site-notice\/","url":"https:\/\/lang-friends.com\/en\/site-notice\/","name":"Site Notice | lang + friends","isPartOf":{"@id":"https:\/\/lang-friends.com\/#website"},"primaryImageOfPage":{"@id":"https:\/\/lang-friends.com\/en\/site-notice\/#primaryimage"},"image":{"@id":"https:\/\/lang-friends.com\/en\/site-notice\/#primaryimage"},"thumbnailUrl":"http:\/\/lang-friends.com\/lang-friends\/wp-content\/uploads\/2019\/08\/Logo-VERESdesign-Impressum.png","datePublished":"2019-09-11T12:26:46+00:00","dateModified":"2022-08-26T09:46:34+00:00","breadcrumb":{"@id":"https:\/\/lang-friends.com\/en\/site-notice\/#breadcrumb"},"inLanguage":"en-US","potentialAction":[{"@type":"ReadAction","target":["https:\/\/lang-friends.com\/en\/site-notice\/"]}]},{"@type":"ImageObject","inLanguage":"en-US","@id":"https:\/\/lang-friends.com\/en\/site-notice\/#primaryimage","url":"http:\/\/lang-friends.com\/lang-friends\/wp-content\/uploads\/2019\/08\/Logo-VERESdesign-Impressum.png","contentUrl":"http:\/\/lang-friends.com\/lang-friends\/wp-content\/uploads\/2019\/08\/Logo-VERESdesign-Impressum.png"},{"@type":"BreadcrumbList","@id":"https:\/\/lang-friends.com\/en\/site-notice\/#breadcrumb","itemListElement":[{"@type":"ListItem","position":1,"name":"Startseite","item":"https:\/\/lang-friends.com\/en\/startseite-en\/"},{"@type":"ListItem","position":2,"name":"Site Notice"}]},{"@type":"WebSite","@id":"https:\/\/lang-friends.com\/#website","url":"https:\/\/lang-friends.com\/","name":"lang + friends","description":"events + marketing","potentialAction":[{"@type":"SearchAction","target":{"@type":"EntryPoint","urlTemplate":"https:\/\/lang-friends.com\/?s={search_term_string}"},"query-input":{"@type":"PropertyValueSpecification","valueRequired":true,"valueName":"search_term_string"}}],"inLanguage":"en-US"}]}},"_links":{"self":[{"href":"https:\/\/lang-friends.com\/en\/wp-json\/wp\/v2\/pages\/1599","targetHints":{"allow":["GET"]}}],"collection":[{"href":"https:\/\/lang-friends.com\/en\/wp-json\/wp\/v2\/pages"}],"about":[{"href":"https:\/\/lang-friends.com\/en\/wp-json\/wp\/v2\/types\/page"}],"author":[{"embeddable":true,"href":"https:\/\/lang-friends.com\/en\/wp-json\/wp\/v2\/users\/1"}],"replies":[{"embeddable":true,"href":"https:\/\/lang-friends.com\/en\/wp-json\/wp\/v2\/comments?post=1599"}],"version-history":[{"count":2,"href":"https:\/\/lang-friends.com\/en\/wp-json\/wp\/v2\/pages\/1599\/revisions"}],"predecessor-version":[{"id":1832,"href":"https:\/\/lang-friends.com\/en\/wp-json\/wp\/v2\/pages\/1599\/revisions\/1832"}],"wp:attachment":[{"href":"https:\/\/lang-friends.com\/en\/wp-json\/wp\/v2\/media?parent=1599"}],"curies":[{"name":"wp","href":"https:\/\/api.w.org\/{rel}","templated":true}]}}